{"id":127,"date":"2017-02-15T22:09:36","date_gmt":"2017-02-15T21:09:36","guid":{"rendered":"http:\/\/tomtak.de\/?page_id=127"},"modified":"2020-04-03T20:38:32","modified_gmt":"2020-04-03T18:38:32","slug":"zahnrad-zirkus","status":"publish","type":"page","link":"https:\/\/tomtak.de\/index.php\/shows\/zahnrad-zirkus\/","title":{"rendered":"Zahnrad Zirkus"},"content":{"rendered":"\t\t<div data-elementor-type=\"wp-page\" data-elementor-id=\"127\" class=\"elementor elementor-127\">\n\t\t\t\t\t\t<div class=\"elementor-inner\">\n\t\t\t\t<div class=\"elementor-section-wrap\">\n\t\t\t\t\t\t\t\t\t<section class=\"elementor-section elementor-top-section elementor-element elementor-element-3a9ee5c3 elementor-section-boxed elementor-section-height-default elementor-section-height-default\" data-id=\"3a9ee5c3\" data-element_type=\"section\">\n\t\t\t\t\t\t<div class=\"elementor-container elementor-column-gap-default\">\n\t\t\t\t\t\t\t<div class=\"elementor-row\">\n\t\t\t\t\t<div class=\"elementor-column elementor-col-100 elementor-top-column elementor-element elementor-element-7d398882\" data-id=\"7d398882\" data-element_type=\"column\">\n\t\t\t<div class=\"elementor-column-wrap elementor-element-populated\">\n\t\t\t\t\t\t\t<div class=\"elementor-widget-wrap\">\n\t\t\t\t\t\t<div class=\"elementor-element elementor-element-2e808b12 elementor-widget elementor-widget-text-editor\" data-id=\"2e808b12\" data-element_type=\"widget\" data-widget_type=\"text-editor.default\">\n\t\t\t\t<div class=\"elementor-widget-container\">\n\t\t\t\t\t\t\t\t<div class=\"elementor-text-editor elementor-clearfix\">\n\t\t\t\t<div style=\"padding: 56.25% 0 0 0; position: relative;\"><iframe style=\"position: absolute; top: 0; left: 0; width: 100%; height: 100%;\" src=\"https:\/\/player.vimeo.com\/video\/245981216?byline=0&amp;portrait=0\" frameborder=\"0\" allowfullscreen=\"allowfullscreen\"><\/iframe><\/div><p><script src=\"https:\/\/player.vimeo.com\/api\/player.js\"><\/script><\/p><p><span style=\"font-family: Calibri,sans-serif;\">In Zusammenarbeit mit Mario Stieber und Marcus Ma\u00ffr entstand eine Hommage an die gute alte Zeit, als die Dinge noch sch\u00f6n waren.<\/span><\/p><p><span style=\"font-family: Calibri,sans-serif;\">Das erste Programm \u2013 Alarm im Maschinenraum \u2013 ist eine viktorianische Steampunk-Dinner-Show.<\/span><\/p><p><iframe loading=\"lazy\" src=\"https:\/\/www.youtube.com\/embed\/V5jt0qsT258?controls=0\" width=\"560\" height=\"315\" frameborder=\"0\" allowfullscreen=\"allowfullscreen\"><\/iframe><\/p><p><span style=\"font-family: Calibri,sans-serif;\">Oder besser gesagt ein in viktorianisches Steampunk-Dinner-Spektakel, in dem sie selbst und weitere namenhafte K\u00fcnstler Kollegen in Aktion treten. <\/span><\/p><p><span style=\"font-family: Calibri,sans-serif;\">Die Geschichte dreht sich um eine Reisegesellschaft, die kurz vor betreten des Zeppelins Titanic 3 erf\u00e4hrt, das jener wohl etwas defekt ist und noch einer kurzen Wartung bedarf. <\/span><\/p><p><span style=\"font-family: Calibri,sans-serif;\">Um diese Zeit zu \u00fcberbr\u00fccken wird ein \u201eImbiss\u201c kredenzt und diverse Showeinlagen dargeboten. Doch das Verh\u00e4ngnis nimmt seinen Lauf&#8230;.<\/span><\/p><p>Gepflegte K\u00fcche, 4 G\u00e4nge Men\u00fc, gepflegte Unterhaltung.<\/p><p>Karten gibts <a href=\"http:\/\/www.zahnrad-zirkus.de\/info.html\" target=\"_blank\" rel=\"noopener noreferrer\">hier&#8230;<\/a><\/p><p><img loading=\"lazy\" class=\"aligncenter wp-image-128 size-full\" src=\"http:\/\/tomtak.de\/wp-content\/uploads\/2017\/02\/Zahnrad-Zirkus.jpg\" alt=\"\" width=\"6000\" height=\"4000\" srcset=\"https:\/\/tomtak.de\/wp-content\/uploads\/2017\/02\/Zahnrad-Zirkus.jpg 6000w, https:\/\/tomtak.de\/wp-content\/uploads\/2017\/02\/Zahnrad-Zirkus-300x200.jpg 300w, https:\/\/tomtak.de\/wp-content\/uploads\/2017\/02\/Zahnrad-Zirkus-768x512.jpg 768w, https:\/\/tomtak.de\/wp-content\/uploads\/2017\/02\/Zahnrad-Zirkus-1024x683.jpg 1024w\" sizes=\"(max-width: 767px) 89vw, (max-width: 1000px) 54vw, (max-width: 1071px) 543px, 580px\" \/><\/p>\t\t\t\t\t<\/div>\n\t\t\t\t\t\t<\/div>\n\t\t\t\t<\/div>\n\t\t\t\t\t\t<\/div>\n\t\t\t\t\t<\/div>\n\t\t<\/div>\n\t\t\t\t\t\t\t\t<\/div>\n\t\t\t\t\t<\/div>\n\t\t<\/section>\n\t\t\t\t\t\t\t\t\t<\/div>\n\t\t\t<\/div>\n\t\t\t\t\t<\/div>\n\t\t","protected":false},"excerpt":{"rendered":"<p>In Zusammenarbeit mit Mario Stieber und Marcus Ma\u00ffr entstand eine Hommage an die gute alte Zeit, als die Dinge noch sch\u00f6n waren. Das erste Programm \u2013 Alarm im Maschinenraum \u2013 ist eine viktorianische Steampunk-Dinner-Show. Oder besser gesagt ein in viktorianisches Steampunk-Dinner-Spektakel, in dem sie selbst und weitere namenhafte K\u00fcnstler Kollegen in Aktion treten. Die Geschichte &hellip; <\/p>\n<p class=\"link-more\"><a href=\"https:\/\/tomtak.de\/index.php\/shows\/zahnrad-zirkus\/\" class=\"more-link\"><span class=\"screen-reader-text\">\u201eZahnrad Zirkus\u201c<\/span> weiterlesen<\/a><\/p>\n","protected":false},"author":1,"featured_media":128,"parent":63,"menu_order":1,"comment_status":"closed","ping_status":"closed","template":"","meta":[],"_links":{"self":[{"href":"https:\/\/tomtak.de\/index.php\/wp-json\/wp\/v2\/pages\/127"}],"collection":[{"href":"https:\/\/tomtak.de\/index.php\/wp-json\/wp\/v2\/pages"}],"about":[{"href":"https:\/\/tomtak.de\/index.php\/wp-json\/wp\/v2\/types\/page"}],"author":[{"embeddable":true,"href":"https:\/\/tomtak.de\/index.php\/wp-json\/wp\/v2\/users\/1"}],"replies":[{"embeddable":true,"href":"https:\/\/tomtak.de\/index.php\/wp-json\/wp\/v2\/comments?post=127"}],"version-history":[{"count":23,"href":"https:\/\/tomtak.de\/index.php\/wp-json\/wp\/v2\/pages\/127\/revisions"}],"predecessor-version":[{"id":602,"href":"https:\/\/tomtak.de\/index.php\/wp-json\/wp\/v2\/pages\/127\/revisions\/602"}],"up":[{"embeddable":true,"href":"https:\/\/tomtak.de\/index.php\/wp-json\/wp\/v2\/pages\/63"}],"wp:featuredmedia":[{"embeddable":true,"href":"https:\/\/tomtak.de\/index.php\/wp-json\/wp\/v2\/media\/128"}],"wp:attachment":[{"href":"https:\/\/tomtak.de\/index.php\/wp-json\/wp\/v2\/media?parent=127"}],"curies":[{"name":"wp","href":"https:\/\/api.w.org\/{rel}","templated":true}]}}