{"id":140,"date":"2017-02-15T22:17:44","date_gmt":"2017-02-15T21:17:44","guid":{"rendered":"http:\/\/tomtak.de\/?page_id=140"},"modified":"2021-03-23T20:24:04","modified_gmt":"2021-03-23T19:24:04","slug":"kabaret-kalashnikov","status":"publish","type":"page","link":"https:\/\/tomtak.de\/index.php\/kabaret-kalashnikov\/","title":{"rendered":"Kabaret Kalashnikov"},"content":{"rendered":"\t\t<div data-elementor-type=\"wp-page\" data-elementor-id=\"140\" class=\"elementor elementor-140\">\n\t\t\t\t\t\t<div class=\"elementor-inner\">\n\t\t\t\t<div class=\"elementor-section-wrap\">\n\t\t\t\t\t\t\t\t\t<section class=\"elementor-section elementor-top-section elementor-element elementor-element-1e70a3ff elementor-section-boxed elementor-section-height-default elementor-section-height-default\" data-id=\"1e70a3ff\" data-element_type=\"section\">\n\t\t\t\t\t\t<div class=\"elementor-container elementor-column-gap-default\">\n\t\t\t\t\t\t\t<div class=\"elementor-row\">\n\t\t\t\t\t<div class=\"elementor-column elementor-col-100 elementor-top-column elementor-element elementor-element-7df45ad8\" data-id=\"7df45ad8\" data-element_type=\"column\">\n\t\t\t<div class=\"elementor-column-wrap elementor-element-populated\">\n\t\t\t\t\t\t\t<div class=\"elementor-widget-wrap\">\n\t\t\t\t\t\t<div class=\"elementor-element elementor-element-8935aa8 elementor-widget elementor-widget-text-editor\" data-id=\"8935aa8\" data-element_type=\"widget\" data-widget_type=\"text-editor.default\">\n\t\t\t\t<div class=\"elementor-widget-container\">\n\t\t\t\t\t\t\t\t<div class=\"elementor-text-editor elementor-clearfix\">\n\t\t\t\t<p><span style=\"font-family: Calibri,sans-serif;\">Im <a href=\"http:\/\/www.kabaret-kalashnikov.com\/\" target=\"_blank\" rel=\"noopener noreferrer\">Kabaret Kalshnikov<\/a> trifft sich Igor Osambasi mit bekannten Stra\u00dfenk\u00fcnstlern, Artisten und Akrobaten aus allen Ecken der Welt. <\/span><\/p><p><span style=\"font-family: Calibri,sans-serif;\">In ihrer wilden, postsowjetischen Wodka-Variet\u00e9-Show verschmelzen Akrobatik und Jonglage mit Slapstick und Comedy. Schauplatz dieser wirren Umtriebe ist eine Kleinstadt weit im Osten, wo man Tango und Polka tanzt, sich pr\u00fcgelt und Liebe macht und die N\u00e4chte erst enden, wenn der Wodka ausgeht&#8230; <\/span><\/p><p><span style=\"font-family: Calibri,sans-serif;\"><em>Doch Wodka ist genug da!<\/em> <\/span><\/p><div style=\"padding: 56.25% 0 0 0; position: relative;\"><iframe style=\"position: absolute; top: 0; left: 0; width: 100%; height: 100%;\" src=\"https:\/\/player.vimeo.com\/video\/174136819?byline=0&amp;portrait=0\" frameborder=\"0\" allowfullscreen=\"allowfullscreen\"><\/iframe><\/div><p><script src=\"https:\/\/player.vimeo.com\/api\/player.js\"><\/script><\/p><p><img loading=\"lazy\" class=\"wp-image-141 size-full\" src=\"http:\/\/tomtak.de\/wp-content\/uploads\/2017\/02\/DSC_0362.jpg\" alt=\"\" width=\"2793\" height=\"1857\" srcset=\"https:\/\/tomtak.de\/wp-content\/uploads\/2017\/02\/DSC_0362.jpg 2793w, https:\/\/tomtak.de\/wp-content\/uploads\/2017\/02\/DSC_0362-300x199.jpg 300w, https:\/\/tomtak.de\/wp-content\/uploads\/2017\/02\/DSC_0362-768x511.jpg 768w, https:\/\/tomtak.de\/wp-content\/uploads\/2017\/02\/DSC_0362-1024x681.jpg 1024w\" sizes=\"(max-width: 767px) 89vw, (max-width: 1000px) 54vw, (max-width: 1071px) 543px, 580px\" \/><\/p>\t\t\t\t\t<\/div>\n\t\t\t\t\t\t<\/div>\n\t\t\t\t<\/div>\n\t\t\t\t\t\t<\/div>\n\t\t\t\t\t<\/div>\n\t\t<\/div>\n\t\t\t\t\t\t\t\t<\/div>\n\t\t\t\t\t<\/div>\n\t\t<\/section>\n\t\t\t\t\t\t\t\t\t<\/div>\n\t\t\t<\/div>\n\t\t\t\t\t<\/div>\n\t\t","protected":false},"excerpt":{"rendered":"<p>Im Kabaret Kalshnikov trifft sich Igor Osambasi mit bekannten Stra\u00dfenk\u00fcnstlern, Artisten und Akrobaten aus allen Ecken der Welt. In ihrer wilden, postsowjetischen Wodka-Variet\u00e9-Show verschmelzen Akrobatik und Jonglage mit Slapstick und Comedy. Schauplatz dieser wirren Umtriebe ist eine Kleinstadt weit im Osten, wo man Tango und Polka tanzt, sich pr\u00fcgelt und Liebe macht und die N\u00e4chte &hellip; <\/p>\n<p class=\"link-more\"><a href=\"https:\/\/tomtak.de\/index.php\/kabaret-kalashnikov\/\" class=\"more-link\"><span class=\"screen-reader-text\">\u201eKabaret Kalashnikov\u201c<\/span> weiterlesen<\/a><\/p>\n","protected":false},"author":1,"featured_media":204,"parent":0,"menu_order":0,"comment_status":"closed","ping_status":"closed","template":"","meta":[],"_links":{"self":[{"href":"https:\/\/tomtak.de\/index.php\/wp-json\/wp\/v2\/pages\/140"}],"collection":[{"href":"https:\/\/tomtak.de\/index.php\/wp-json\/wp\/v2\/pages"}],"about":[{"href":"https:\/\/tomtak.de\/index.php\/wp-json\/wp\/v2\/types\/page"}],"author":[{"embeddable":true,"href":"https:\/\/tomtak.de\/index.php\/wp-json\/wp\/v2\/users\/1"}],"replies":[{"embeddable":true,"href":"https:\/\/tomtak.de\/index.php\/wp-json\/wp\/v2\/comments?post=140"}],"version-history":[{"count":21,"href":"https:\/\/tomtak.de\/index.php\/wp-json\/wp\/v2\/pages\/140\/revisions"}],"predecessor-version":[{"id":733,"href":"https:\/\/tomtak.de\/index.php\/wp-json\/wp\/v2\/pages\/140\/revisions\/733"}],"wp:featuredmedia":[{"embeddable":true,"href":"https:\/\/tomtak.de\/index.php\/wp-json\/wp\/v2\/media\/204"}],"wp:attachment":[{"href":"https:\/\/tomtak.de\/index.php\/wp-json\/wp\/v2\/media?parent=140"}],"curies":[{"name":"wp","href":"https:\/\/api.w.org\/{rel}","templated":true}]}}