{"id":17,"date":"2017-02-15T19:41:53","date_gmt":"2017-02-15T18:41:53","guid":{"rendered":"http:\/\/tomtak.de\/?page_id=17"},"modified":"2021-03-23T21:17:49","modified_gmt":"2021-03-23T20:17:49","slug":"startseite","status":"publish","type":"page","link":"https:\/\/tomtak.de\/index.php\/startseite\/","title":{"rendered":"Tom Tak TV"},"content":{"rendered":"\n<p>Tom Tak ist seit nun mehr schon fast 30 Jahren als Clown, Stra\u00dfenk\u00fcnstler, Gaukler, (Humor-) Forscher, Zauberer, Narr, Geschichtensammler, oder wie man heutzutage sagt, Entertainer unterwegs.<\/p>\n\n\n\n<p>Er f\u00fchrt seinem Publikum die Komik des Lebens vor Augen. Immer nah dran, immer interaktiv und auf dem Moment. So entlockt er Menschen allen Alters ihr sch\u00f6nstes Ger\u00e4usch. Das ist seine gr\u00f6\u00dfte Motivation, seinem Gegen\u00fcber ein Lachen ins Gesicht zu malen. Die Magie des Augenblicks frei zu setzten.<\/p>\n\n\n\n<p>Neuerdings,  aufgrund der Seuche auch via Youtube ;-).<\/p>\n\n\n\n<p>Schaut vorbei auf seinem Channel <a href=\"https:\/\/www.youtube.com\/channel\/UCuueDlpuwZYazyRQzja8YTA?view_as=subscriber\" target=\"_blank\" rel=\"noreferrer noopener\">Tom Tak TV.<\/a><\/p>\n\n\n\n<iframe loading=\"lazy\" src=\"https:\/\/www.youtube.com\/embed\/GRas8M_AM8Y\" allow=\"accelerometer; autoplay; encrypted-media; gyroscope; picture-in-picture\" allowfullscreen=\"\" width=\"560\" height=\"315\" frameborder=\"0\"><\/iframe>\n\n\n<p><!-- \/wp:media-text --><\/p>\n<p><!-- wp:paragraph --><\/p>\n<p>Eine gute Geschichte bzw. Show ist wie eine Reise, auf der sich K\u00f6rper, Geist und Seele erholen und neue Kraft sch\u00f6pfen k\u00f6nnen.<\/p>\n<p><!-- \/wp:paragraph --><\/p>\n<p><!-- \/wp:media-text --><\/p>\n<p><!-- wp:paragraph --><\/p>\n<p>Das Jetzt und der Schelm sind die Zutaten, aus denen er seine Darbietungen kreiert. Mal sanft, mal brachial und manchmal sogar nachdenklich\u00a0nehmen sie uns mit und entf\u00fchren uns in andere Welten, andere Zeiten und manchmal auch hin zu anderen Perspektiven.<\/p>\n<p>Auf Festivals und \u00a0historischen M\u00e4rkten wie\u00a0<span style=\"font-size: inherit;\">auch bei Comedy Dinner Shows, \u00a0im Zirkus und im Variet\u00e9 Theater begeistern seine speziellen und skurril ausgearbeiteten Shows.<\/span><\/p>\n<p>Im Moment geht&#8217;s ja leider nur im gaaaaanz kleinen Rahmen oder eben virtuell.<\/p>\n<p>Jolandolo, Igor oder Tom Tak erstelle gerne auch personalisierte Geburtstagsvideos oder Gru\u00dfbotschaften f\u00fcr eure Liebsten, Teuersten, Besten, Frauen, M\u00e4nner, Chefs, Chefinnen, Freunde und Feinde.<\/p>\n<p>Anfragen und individuelle Angebote gerne telefonisch oder per e-mail.<\/p>\n<p><!-- \/wp:paragraph --><\/p>\n<p><!-- wp:media-text {\"mediaId\":379,\"mediaType\":\"image\"} --><\/p>\n<figure><\/figure>\n<p><!-- wp:paragraph {\"align\":\"left\"} --><\/p>\n<p><!-- \/wp:paragraph --><\/p>\n<p><!-- \/wp:media-text --><\/p>\n<p><!-- wp:paragraph --><\/p>\n<p>\u00a0<\/p>\n<p><!-- \/wp:paragraph --><\/p>\n<p><!-- wp:html --><br \/><iframe loading=\"lazy\" src=\"https:\/\/www.youtube.com\/embed\/J7iZeMMJ5_0\" width=\"560\" height=\"315\" frameborder=\"0\" allowfullscreen=\"allowfullscreen\"><\/iframe><\/p>\n<p><!-- \/wp:html --><\/p>","protected":false},"excerpt":{"rendered":"<p>Tom Tak ist seit nun mehr schon fast 30 Jahren als Clown, Stra\u00dfenk\u00fcnstler, Gaukler, (Humor-) Forscher, Zauberer, Narr, Geschichtensammler, oder wie man heutzutage sagt, Entertainer unterwegs. Er f\u00fchrt seinem Publikum die Komik des Lebens vor Augen. Immer nah dran, immer interaktiv und auf dem Moment. So entlockt er Menschen allen Alters ihr sch\u00f6nstes Ger\u00e4usch. Das &hellip; <\/p>\n<p class=\"link-more\"><a href=\"https:\/\/tomtak.de\/index.php\/startseite\/\" class=\"more-link\"><span class=\"screen-reader-text\">\u201eTom Tak TV\u201c<\/span> weiterlesen<\/a><\/p>\n","protected":false},"author":1,"featured_media":334,"parent":0,"menu_order":0,"comment_status":"closed","ping_status":"closed","template":"","meta":[],"_links":{"self":[{"href":"https:\/\/tomtak.de\/index.php\/wp-json\/wp\/v2\/pages\/17"}],"collection":[{"href":"https:\/\/tomtak.de\/index.php\/wp-json\/wp\/v2\/pages"}],"about":[{"href":"https:\/\/tomtak.de\/index.php\/wp-json\/wp\/v2\/types\/page"}],"author":[{"embeddable":true,"href":"https:\/\/tomtak.de\/index.php\/wp-json\/wp\/v2\/users\/1"}],"replies":[{"embeddable":true,"href":"https:\/\/tomtak.de\/index.php\/wp-json\/wp\/v2\/comments?post=17"}],"version-history":[{"count":62,"href":"https:\/\/tomtak.de\/index.php\/wp-json\/wp\/v2\/pages\/17\/revisions"}],"predecessor-version":[{"id":747,"href":"https:\/\/tomtak.de\/index.php\/wp-json\/wp\/v2\/pages\/17\/revisions\/747"}],"wp:featuredmedia":[{"embeddable":true,"href":"https:\/\/tomtak.de\/index.php\/wp-json\/wp\/v2\/media\/334"}],"wp:attachment":[{"href":"https:\/\/tomtak.de\/index.php\/wp-json\/wp\/v2\/media?parent=17"}],"curies":[{"name":"wp","href":"https:\/\/api.w.org\/{rel}","templated":true}]}}