{"id":648,"date":"2020-04-05T21:18:21","date_gmt":"2020-04-05T19:18:21","guid":{"rendered":"http:\/\/tomtak.de\/?page_id=648"},"modified":"2021-03-23T20:20:38","modified_gmt":"2021-03-23T19:20:38","slug":"wander-variete","status":"publish","type":"page","link":"https:\/\/tomtak.de\/index.php\/wander-variete\/","title":{"rendered":"Wander Variet\u00e9"},"content":{"rendered":"\t\t<div data-elementor-type=\"wp-page\" data-elementor-id=\"648\" class=\"elementor elementor-648\">\n\t\t\t\t\t\t<div class=\"elementor-inner\">\n\t\t\t\t<div class=\"elementor-section-wrap\">\n\t\t\t\t\t\t\t\t\t<section class=\"elementor-section elementor-top-section elementor-element elementor-element-3450f4b5 elementor-section-boxed elementor-section-height-default elementor-section-height-default\" data-id=\"3450f4b5\" data-element_type=\"section\">\n\t\t\t\t\t\t<div class=\"elementor-container elementor-column-gap-default\">\n\t\t\t\t\t\t\t<div class=\"elementor-row\">\n\t\t\t\t\t<div class=\"elementor-column elementor-col-100 elementor-top-column elementor-element elementor-element-3098a02c\" data-id=\"3098a02c\" data-element_type=\"column\">\n\t\t\t<div class=\"elementor-column-wrap elementor-element-populated\">\n\t\t\t\t\t\t\t<div class=\"elementor-widget-wrap\">\n\t\t\t\t\t\t<div class=\"elementor-element elementor-element-1eaf5421 elementor-widget elementor-widget-text-editor\" data-id=\"1eaf5421\" data-element_type=\"widget\" data-widget_type=\"text-editor.default\">\n\t\t\t\t<div class=\"elementor-widget-container\">\n\t\t\t\t\t\t\t\t<div class=\"elementor-text-editor elementor-clearfix\">\n\t\t\t\t<!-- wp:paragraph -->\n<p>Und so kamen wir durch die Zeit gereist \u2026<\/p>\n<!-- \/wp:paragraph --><!-- wp:paragraph -->\n<p>ein Haufen bunter Gestalten, die euch eine Menge Geschichten, Wahrheiten, Unwahrheiten, Musiken, Kunstst\u00fccke und Zauberhaftes mitgebracht haben!<\/p>\n<!-- \/wp:paragraph --><!-- wp:paragraph -->\n<p>Wir laden ein, ein wenig Zeit mit uns zu teilen, Kuriosit\u00e4ten zu bestaunen, Geschichten nicht glauben, den Liedern zu lauschen und die Wahrheiten zu tauschen.<\/p>\n<!-- \/wp:paragraph --><!-- wp:paragraph -->\n<p>Trefft unsere Fabelwesen und seht euch die aktuelle Show an\u2026 Die Gro\u00dfen und die Kleinen, die M\u00fcden und die Feinen, kommt mit und vergesst den Rest. Denn Leben ist Jetzt und das Gl\u00fcck auch.<\/p>\n<!-- \/wp:paragraph --><!-- wp:paragraph -->\n<p>Die Verspielten unter euch d\u00fcrfen sich im Teller drehen, Diabolo spielen, Hula Hoop oder Jonglieren probieren. F\u00fcr unser ganz Jungen, oder jung gebliebenen Besucher haben wir Seifenblasen und Kulla Bulla dabei.<\/p>\n<!-- \/wp:paragraph --><!-- wp:paragraph -->\n<p>Tretet ein in unsere magische Welt, werdet ein Teil davon!<\/p>\n<!-- \/wp:paragraph --><!-- wp:paragraph -->\n<p>Mehr Informationen findet Ihr hier: <a href=\"http:\/\/www.wandervariete.de\" target=\"_blank\" rel=\"noreferrer noopener\">www.wander-variet\u00e9.de<\/a><\/p>\n<!-- \/wp:paragraph --><!-- wp:gallery {\"ids\":[\"668\",\"657\",\"655\",\"664\",720,\"666\",\"667\"],\"align\":\"center\"} -->\n<figure class=\"wp-block-gallery aligncenter columns-3 is-cropped\">\n<ul class=\"blocks-gallery-grid\">\n<li class=\"blocks-gallery-item\">\n<figure><img loading=\"lazy\" width=\"1024\" height=\"683\" class=\"wp-image-668\" src=\"http:\/\/tomtak.de\/wp-content\/uploads\/2020\/04\/CDFC7807-F1CF-49EA-A6BF-D96ECFC6C13C-1024x683.jpeg\" alt=\"\" data-id=\"668\" data-link=\"http:\/\/tomtak.de\/index.php\/wander-variete\/cdfc7807-f1cf-49ea-a6bf-d96ecfc6c13c\/\" srcset=\"https:\/\/tomtak.de\/wp-content\/uploads\/2020\/04\/CDFC7807-F1CF-49EA-A6BF-D96ECFC6C13C-1024x683.jpeg 1024w, https:\/\/tomtak.de\/wp-content\/uploads\/2020\/04\/CDFC7807-F1CF-49EA-A6BF-D96ECFC6C13C-300x200.jpeg 300w, https:\/\/tomtak.de\/wp-content\/uploads\/2020\/04\/CDFC7807-F1CF-49EA-A6BF-D96ECFC6C13C-768x512.jpeg 768w, https:\/\/tomtak.de\/wp-content\/uploads\/2020\/04\/CDFC7807-F1CF-49EA-A6BF-D96ECFC6C13C.jpeg 1200w\" sizes=\"(max-width: 767px) 89vw, (max-width: 1000px) 54vw, (max-width: 1071px) 543px, 580px\" \/><\/figure>\n<\/li>\n<li class=\"blocks-gallery-item\">\n<figure><img loading=\"lazy\" width=\"960\" height=\"640\" class=\"wp-image-657\" src=\"http:\/\/tomtak.de\/wp-content\/uploads\/2020\/04\/CCC3EDC7-3CB2-4D43-9D7F-41E85368D646.jpeg\" alt=\"\" data-id=\"657\" data-link=\"http:\/\/tomtak.de\/index.php\/wander-variete\/ccc3edc7-3cb2-4d43-9d7f-41e85368d646\/\" srcset=\"https:\/\/tomtak.de\/wp-content\/uploads\/2020\/04\/CCC3EDC7-3CB2-4D43-9D7F-41E85368D646.jpeg 960w, https:\/\/tomtak.de\/wp-content\/uploads\/2020\/04\/CCC3EDC7-3CB2-4D43-9D7F-41E85368D646-300x200.jpeg 300w, https:\/\/tomtak.de\/wp-content\/uploads\/2020\/04\/CCC3EDC7-3CB2-4D43-9D7F-41E85368D646-768x512.jpeg 768w\" sizes=\"(max-width: 767px) 89vw, (max-width: 1000px) 54vw, (max-width: 1071px) 543px, 580px\" \/><\/figure>\n<\/li>\n<li class=\"blocks-gallery-item\">\n<figure><img loading=\"lazy\" width=\"1024\" height=\"683\" class=\"wp-image-655\" src=\"http:\/\/tomtak.de\/wp-content\/uploads\/2020\/04\/733C415E-4637-4A56-8C18-A3C6993E30E0-1024x683.jpeg\" alt=\"\" data-id=\"655\" data-link=\"http:\/\/tomtak.de\/index.php\/wander-variete\/733c415e-4637-4a56-8c18-a3c6993e30e0\/\" srcset=\"https:\/\/tomtak.de\/wp-content\/uploads\/2020\/04\/733C415E-4637-4A56-8C18-A3C6993E30E0-1024x683.jpeg 1024w, https:\/\/tomtak.de\/wp-content\/uploads\/2020\/04\/733C415E-4637-4A56-8C18-A3C6993E30E0-300x200.jpeg 300w, https:\/\/tomtak.de\/wp-content\/uploads\/2020\/04\/733C415E-4637-4A56-8C18-A3C6993E30E0-768x512.jpeg 768w, https:\/\/tomtak.de\/wp-content\/uploads\/2020\/04\/733C415E-4637-4A56-8C18-A3C6993E30E0-1536x1024.jpeg 1536w, https:\/\/tomtak.de\/wp-content\/uploads\/2020\/04\/733C415E-4637-4A56-8C18-A3C6993E30E0.jpeg 2048w\" sizes=\"(max-width: 767px) 89vw, (max-width: 1000px) 54vw, (max-width: 1071px) 543px, 580px\" \/><\/figure>\n<\/li>\n<li class=\"blocks-gallery-item\">\n<figure><img loading=\"lazy\" width=\"1024\" height=\"683\" class=\"wp-image-664\" src=\"http:\/\/tomtak.de\/wp-content\/uploads\/2020\/04\/DC384622-F91A-461D-B3B4-35406DE9FD2B-1024x683.jpeg\" alt=\"\" data-id=\"664\" data-link=\"http:\/\/tomtak.de\/index.php\/wander-variete\/dc384622-f91a-461d-b3b4-35406de9fd2b\/\" srcset=\"https:\/\/tomtak.de\/wp-content\/uploads\/2020\/04\/DC384622-F91A-461D-B3B4-35406DE9FD2B-1024x683.jpeg 1024w, https:\/\/tomtak.de\/wp-content\/uploads\/2020\/04\/DC384622-F91A-461D-B3B4-35406DE9FD2B-300x200.jpeg 300w, https:\/\/tomtak.de\/wp-content\/uploads\/2020\/04\/DC384622-F91A-461D-B3B4-35406DE9FD2B-768x512.jpeg 768w, https:\/\/tomtak.de\/wp-content\/uploads\/2020\/04\/DC384622-F91A-461D-B3B4-35406DE9FD2B.jpeg 1200w\" sizes=\"(max-width: 767px) 89vw, (max-width: 1000px) 54vw, (max-width: 1071px) 543px, 580px\" \/><\/figure>\n<\/li>\n<li class=\"blocks-gallery-item\">\n<figure><img loading=\"lazy\" width=\"768\" height=\"1024\" class=\"wp-image-720\" src=\"http:\/\/tomtak.de\/wp-content\/uploads\/2020\/06\/IMG_2353-768x1024.jpg\" alt=\"\" data-id=\"720\" data-full-url=\"http:\/\/tomtak.de\/wp-content\/uploads\/2020\/06\/IMG_2353-scaled.jpg\" data-link=\"http:\/\/tomtak.de\/index.php\/wander-variete\/img_2353\/\" srcset=\"https:\/\/tomtak.de\/wp-content\/uploads\/2020\/06\/IMG_2353-768x1024.jpg 768w, https:\/\/tomtak.de\/wp-content\/uploads\/2020\/06\/IMG_2353-225x300.jpg 225w, https:\/\/tomtak.de\/wp-content\/uploads\/2020\/06\/IMG_2353-1152x1536.jpg 1152w, https:\/\/tomtak.de\/wp-content\/uploads\/2020\/06\/IMG_2353-1536x2048.jpg 1536w, https:\/\/tomtak.de\/wp-content\/uploads\/2020\/06\/IMG_2353-scaled.jpg 1920w\" sizes=\"(max-width: 767px) 89vw, (max-width: 1000px) 54vw, (max-width: 1071px) 543px, 580px\" \/><\/figure>\n<\/li>\n<li class=\"blocks-gallery-item\">\n<figure><img loading=\"lazy\" width=\"1024\" height=\"683\" class=\"wp-image-666\" src=\"http:\/\/tomtak.de\/wp-content\/uploads\/2020\/04\/7B8CB620-8638-4507-BE4D-3E6775C4B532-1024x683.jpeg\" alt=\"\" data-id=\"666\" data-link=\"http:\/\/tomtak.de\/index.php\/wander-variete\/7b8cb620-8638-4507-be4d-3e6775c4b532\/\" srcset=\"https:\/\/tomtak.de\/wp-content\/uploads\/2020\/04\/7B8CB620-8638-4507-BE4D-3E6775C4B532-1024x683.jpeg 1024w, https:\/\/tomtak.de\/wp-content\/uploads\/2020\/04\/7B8CB620-8638-4507-BE4D-3E6775C4B532-300x200.jpeg 300w, https:\/\/tomtak.de\/wp-content\/uploads\/2020\/04\/7B8CB620-8638-4507-BE4D-3E6775C4B532-768x512.jpeg 768w, https:\/\/tomtak.de\/wp-content\/uploads\/2020\/04\/7B8CB620-8638-4507-BE4D-3E6775C4B532.jpeg 1200w\" sizes=\"(max-width: 767px) 89vw, (max-width: 1000px) 54vw, (max-width: 1071px) 543px, 580px\" \/><\/figure>\n<\/li>\n<li class=\"blocks-gallery-item\">\n<figure><img loading=\"lazy\" width=\"1024\" height=\"683\" class=\"wp-image-667\" src=\"http:\/\/tomtak.de\/wp-content\/uploads\/2020\/04\/8364CB46-1991-4138-B721-ED3175B48EB8-1024x683.jpeg\" alt=\"\" data-id=\"667\" data-link=\"http:\/\/tomtak.de\/index.php\/wander-variete\/8364cb46-1991-4138-b721-ed3175b48eb8\/\" srcset=\"https:\/\/tomtak.de\/wp-content\/uploads\/2020\/04\/8364CB46-1991-4138-B721-ED3175B48EB8-1024x683.jpeg 1024w, https:\/\/tomtak.de\/wp-content\/uploads\/2020\/04\/8364CB46-1991-4138-B721-ED3175B48EB8-300x200.jpeg 300w, https:\/\/tomtak.de\/wp-content\/uploads\/2020\/04\/8364CB46-1991-4138-B721-ED3175B48EB8-768x512.jpeg 768w, https:\/\/tomtak.de\/wp-content\/uploads\/2020\/04\/8364CB46-1991-4138-B721-ED3175B48EB8.jpeg 1200w\" sizes=\"(max-width: 767px) 89vw, (max-width: 1000px) 54vw, (max-width: 1071px) 543px, 580px\" \/><\/figure>\n<\/li>\n<\/ul>\n<\/figure>\n<!-- \/wp:gallery -->\t\t\t\t\t<\/div>\n\t\t\t\t\t\t<\/div>\n\t\t\t\t<\/div>\n\t\t\t\t\t\t<\/div>\n\t\t\t\t\t<\/div>\n\t\t<\/div>\n\t\t\t\t\t\t\t\t<\/div>\n\t\t\t\t\t<\/div>\n\t\t<\/section>\n\t\t\t\t\t\t\t\t\t<\/div>\n\t\t\t<\/div>\n\t\t\t\t\t<\/div>\n\t\t","protected":false},"excerpt":{"rendered":"<p>Und so kamen wir durch die Zeit gereist \u2026 ein Haufen bunter Gestalten, die euch eine Menge Geschichten, Wahrheiten, Unwahrheiten, Musiken, Kunstst\u00fccke und Zauberhaftes mitgebracht haben! Wir laden ein, ein wenig Zeit mit uns zu teilen, Kuriosit\u00e4ten zu bestaunen, Geschichten nicht glauben, den Liedern zu lauschen und die Wahrheiten zu tauschen. Trefft unsere Fabelwesen und &hellip; <\/p>\n<p class=\"link-more\"><a href=\"https:\/\/tomtak.de\/index.php\/wander-variete\/\" class=\"more-link\"><span class=\"screen-reader-text\">\u201eWander Variet\u00e9\u201c<\/span> weiterlesen<\/a><\/p>\n","protected":false},"author":1,"featured_media":649,"parent":0,"menu_order":0,"comment_status":"closed","ping_status":"closed","template":"","meta":[],"_links":{"self":[{"href":"https:\/\/tomtak.de\/index.php\/wp-json\/wp\/v2\/pages\/648"}],"collection":[{"href":"https:\/\/tomtak.de\/index.php\/wp-json\/wp\/v2\/pages"}],"about":[{"href":"https:\/\/tomtak.de\/index.php\/wp-json\/wp\/v2\/types\/page"}],"author":[{"embeddable":true,"href":"https:\/\/tomtak.de\/index.php\/wp-json\/wp\/v2\/users\/1"}],"replies":[{"embeddable":true,"href":"https:\/\/tomtak.de\/index.php\/wp-json\/wp\/v2\/comments?post=648"}],"version-history":[{"count":9,"href":"https:\/\/tomtak.de\/index.php\/wp-json\/wp\/v2\/pages\/648\/revisions"}],"predecessor-version":[{"id":730,"href":"https:\/\/tomtak.de\/index.php\/wp-json\/wp\/v2\/pages\/648\/revisions\/730"}],"wp:featuredmedia":[{"embeddable":true,"href":"https:\/\/tomtak.de\/index.php\/wp-json\/wp\/v2\/media\/649"}],"wp:attachment":[{"href":"https:\/\/tomtak.de\/index.php\/wp-json\/wp\/v2\/media?parent=648"}],"curies":[{"name":"wp","href":"https:\/\/api.w.org\/{rel}","templated":true}]}}