{"id":672,"date":"2020-04-05T21:29:41","date_gmt":"2020-04-05T19:29:41","guid":{"rendered":"http:\/\/tomtak.de\/?page_id=672"},"modified":"2020-04-05T22:11:09","modified_gmt":"2020-04-05T20:11:09","slug":"presse","status":"publish","type":"page","link":"https:\/\/tomtak.de\/index.php\/presse\/","title":{"rendered":"Presse"},"content":{"rendered":"\n<h2>Tom Tak<\/h2>\n\n\n\n<p>TOM TAK \u2013 SCH\u00d6NER WIRDS NICHT<\/p>\n\n\n\n<p>In seinem neuen Programm nimmt Tom Tak sein Publikum mit auf eine Exkursion in die bizarre Welt von Schein und Sein, Lug und Trug, Soll und Haben.<br>Nach der Show wird nichts mehr sein wie vor der Show. Dabei ist noch nicht mal alles gelogen, angeblich ist das meiste sogar wahr(scheinlich).&nbsp;<br>Erfrischende, spontane Comedy gepaart mit exquisiter Zauberei und verfeinert mit handgemachten Songs und poetischer Lyrik in gesungener Form. Das geht rein. Da trifft Goethes Farbenlehre auf indische Gurus, artistische K\u00f6rperkunst auf Hardcore Poesie, abstruse Geschichten auf kristallklare Beweisf\u00fchrung. &nbsp;<br>Einfach unbeschreiblich, unbeschreiblich einfach.&nbsp;<\/p>\n\n\n\n<p>wundern \u2013 lachen \u2013 staunen<\/p>\n\n\n\n<p>Endlich wieder eine Show mit Wackeldackel&nbsp;<\/p>\n\n\n\n<figure class=\"wp-block-gallery columns-2 is-cropped\"><ul class=\"blocks-gallery-grid\"><li class=\"blocks-gallery-item\"><figure><img loading=\"lazy\" width=\"1940\" height=\"1386\" src=\"http:\/\/tomtak.de\/wp-content\/uploads\/2020\/04\/31363118-14E0-4E80-9AFF-772C24C27E17_1_201_a.jpeg\" alt=\"\" data-id=\"634\" data-full-url=\"http:\/\/tomtak.de\/wp-content\/uploads\/2020\/04\/31363118-14E0-4E80-9AFF-772C24C27E17_1_201_a.jpeg\" data-link=\"http:\/\/tomtak.de\/31363118-14e0-4e80-9aff-772c24c27e17_1_201_a\/\" class=\"wp-image-634\" srcset=\"https:\/\/tomtak.de\/wp-content\/uploads\/2020\/04\/31363118-14E0-4E80-9AFF-772C24C27E17_1_201_a.jpeg 1940w, https:\/\/tomtak.de\/wp-content\/uploads\/2020\/04\/31363118-14E0-4E80-9AFF-772C24C27E17_1_201_a-300x214.jpeg 300w, https:\/\/tomtak.de\/wp-content\/uploads\/2020\/04\/31363118-14E0-4E80-9AFF-772C24C27E17_1_201_a-1024x732.jpeg 1024w, https:\/\/tomtak.de\/wp-content\/uploads\/2020\/04\/31363118-14E0-4E80-9AFF-772C24C27E17_1_201_a-768x549.jpeg 768w, https:\/\/tomtak.de\/wp-content\/uploads\/2020\/04\/31363118-14E0-4E80-9AFF-772C24C27E17_1_201_a-1536x1097.jpeg 1536w\" sizes=\"(max-width: 767px) 89vw, (max-width: 1000px) 54vw, (max-width: 1071px) 543px, 580px\" \/><\/figure><\/li><li class=\"blocks-gallery-item\"><figure><img loading=\"lazy\" width=\"2048\" height=\"1365\" src=\"http:\/\/tomtak.de\/wp-content\/uploads\/2020\/04\/8DCB5A86-82E5-4F29-A36B-0537FEFDE45C_1_201_a.jpeg\" alt=\"\" data-id=\"632\" data-full-url=\"http:\/\/tomtak.de\/wp-content\/uploads\/2020\/04\/8DCB5A86-82E5-4F29-A36B-0537FEFDE45C_1_201_a.jpeg\" data-link=\"http:\/\/tomtak.de\/8dcb5a86-82e5-4f29-a36b-0537fefde45c_1_201_a\/\" class=\"wp-image-632\" srcset=\"https:\/\/tomtak.de\/wp-content\/uploads\/2020\/04\/8DCB5A86-82E5-4F29-A36B-0537FEFDE45C_1_201_a.jpeg 2048w, https:\/\/tomtak.de\/wp-content\/uploads\/2020\/04\/8DCB5A86-82E5-4F29-A36B-0537FEFDE45C_1_201_a-300x200.jpeg 300w, https:\/\/tomtak.de\/wp-content\/uploads\/2020\/04\/8DCB5A86-82E5-4F29-A36B-0537FEFDE45C_1_201_a-1024x683.jpeg 1024w, https:\/\/tomtak.de\/wp-content\/uploads\/2020\/04\/8DCB5A86-82E5-4F29-A36B-0537FEFDE45C_1_201_a-768x512.jpeg 768w, https:\/\/tomtak.de\/wp-content\/uploads\/2020\/04\/8DCB5A86-82E5-4F29-A36B-0537FEFDE45C_1_201_a-1536x1024.jpeg 1536w\" sizes=\"(max-width: 767px) 89vw, (max-width: 1000px) 54vw, (max-width: 1071px) 543px, 580px\" \/><\/figure><\/li><li class=\"blocks-gallery-item\"><figure><img loading=\"lazy\" width=\"2048\" height=\"1365\" src=\"http:\/\/tomtak.de\/wp-content\/uploads\/2020\/04\/E919F2DA-A7CF-4220-AE18-AA8B6283D184_1_201_a.jpeg\" alt=\"\" data-id=\"633\" data-full-url=\"http:\/\/tomtak.de\/wp-content\/uploads\/2020\/04\/E919F2DA-A7CF-4220-AE18-AA8B6283D184_1_201_a.jpeg\" data-link=\"http:\/\/tomtak.de\/e919f2da-a7cf-4220-ae18-aa8b6283d184_1_201_a\/\" class=\"wp-image-633\" srcset=\"https:\/\/tomtak.de\/wp-content\/uploads\/2020\/04\/E919F2DA-A7CF-4220-AE18-AA8B6283D184_1_201_a.jpeg 2048w, https:\/\/tomtak.de\/wp-content\/uploads\/2020\/04\/E919F2DA-A7CF-4220-AE18-AA8B6283D184_1_201_a-300x200.jpeg 300w, https:\/\/tomtak.de\/wp-content\/uploads\/2020\/04\/E919F2DA-A7CF-4220-AE18-AA8B6283D184_1_201_a-1024x683.jpeg 1024w, https:\/\/tomtak.de\/wp-content\/uploads\/2020\/04\/E919F2DA-A7CF-4220-AE18-AA8B6283D184_1_201_a-768x512.jpeg 768w, https:\/\/tomtak.de\/wp-content\/uploads\/2020\/04\/E919F2DA-A7CF-4220-AE18-AA8B6283D184_1_201_a-1536x1024.jpeg 1536w\" sizes=\"(max-width: 767px) 89vw, (max-width: 1000px) 54vw, (max-width: 1071px) 543px, 580px\" \/><\/figure><\/li><li class=\"blocks-gallery-item\"><figure><img loading=\"lazy\" width=\"1788\" height=\"1278\" src=\"http:\/\/tomtak.de\/wp-content\/uploads\/2020\/04\/2B8117BE-DDEC-4C3B-88D3-8850B842982F_1_201_a.jpeg\" alt=\"\" data-id=\"629\" data-full-url=\"http:\/\/tomtak.de\/wp-content\/uploads\/2020\/04\/2B8117BE-DDEC-4C3B-88D3-8850B842982F_1_201_a.jpeg\" data-link=\"http:\/\/tomtak.de\/2b8117be-ddec-4c3b-88d3-8850b842982f_1_201_a\/\" class=\"wp-image-629\" srcset=\"https:\/\/tomtak.de\/wp-content\/uploads\/2020\/04\/2B8117BE-DDEC-4C3B-88D3-8850B842982F_1_201_a.jpeg 1788w, https:\/\/tomtak.de\/wp-content\/uploads\/2020\/04\/2B8117BE-DDEC-4C3B-88D3-8850B842982F_1_201_a-300x214.jpeg 300w, https:\/\/tomtak.de\/wp-content\/uploads\/2020\/04\/2B8117BE-DDEC-4C3B-88D3-8850B842982F_1_201_a-1024x732.jpeg 1024w, https:\/\/tomtak.de\/wp-content\/uploads\/2020\/04\/2B8117BE-DDEC-4C3B-88D3-8850B842982F_1_201_a-768x549.jpeg 768w, https:\/\/tomtak.de\/wp-content\/uploads\/2020\/04\/2B8117BE-DDEC-4C3B-88D3-8850B842982F_1_201_a-1536x1098.jpeg 1536w\" sizes=\"(max-width: 767px) 89vw, (max-width: 1000px) 54vw, (max-width: 1071px) 543px, 580px\" \/><\/figure><\/li><\/ul><figcaption class=\"blocks-gallery-caption\"><em>Presse Fotos Tom Tak<\/em><br><a rel=\"noreferrer noopener\" href=\"http:\/\/www.michaela-seifert.de\" target=\"_blank\">\u00a9 Michaela Seifert<\/a><\/figcaption><\/figure>\n\n\n\n<h2>Igor Osambasi<\/h2>\n\n\n\n<p>Auf seinen Reisen hat er viel erlebt und seine Berichte sind stets Zeugnisse von Geschehnissen, wie sie sich zugetragen haben, sich gerade zutragen oder sich zutragen werden.<\/p>\n\n\n\n<p>Er kommt wie aus dem nichts und hat gar Erstaunliches in seine Reisetasche dabei.&nbsp;<\/p>\n\n\n\n<p>Stilvoll, charmant, beladen mit dem Staub der Jahrhunderte, taucht er auf aus einer anderen Zeit, von einem Planeten, auf dem das Sch\u00f6ne noch selbstverst\u00e4ndlich ist.<\/p>\n\n\n\n<p>Wir lehnen uns zur\u00fcck und lassen uns verzaubern, von M\u00e4rchen und M\u00f6hrchen.<\/p>\n\n\n\n<figure class=\"wp-block-gallery columns-2 is-cropped\"><ul class=\"blocks-gallery-grid\"><li class=\"blocks-gallery-item\"><figure><img loading=\"lazy\" width=\"1500\" height=\"1000\" src=\"http:\/\/tomtak.de\/wp-content\/uploads\/2018\/12\/IgorSchl\u00fcssel-e1544445757159.jpg\" alt=\"\" data-id=\"386\" data-full-url=\"http:\/\/tomtak.de\/wp-content\/uploads\/2018\/12\/IgorSchl\u00fcssel-e1544445757159.jpg\" data-link=\"http:\/\/tomtak.de\/igorschluessel\/\" class=\"wp-image-386\"\/><\/figure><\/li><li class=\"blocks-gallery-item\"><figure><img loading=\"lazy\" width=\"1500\" height=\"1000\" src=\"http:\/\/tomtak.de\/wp-content\/uploads\/2018\/12\/IgorNasenfeder-e1544445793368.jpg\" alt=\"\" data-id=\"384\" data-full-url=\"http:\/\/tomtak.de\/wp-content\/uploads\/2018\/12\/IgorNasenfeder-e1544445793368.jpg\" data-link=\"http:\/\/tomtak.de\/igornasenfeder\/\" class=\"wp-image-384\"\/><\/figure><\/li><li class=\"blocks-gallery-item\"><figure><img loading=\"lazy\" width=\"1500\" height=\"1000\" src=\"http:\/\/tomtak.de\/wp-content\/uploads\/2018\/12\/IgorMaribor_56-e1544446126627.jpg\" alt=\"\" data-id=\"362\" data-full-url=\"http:\/\/tomtak.de\/wp-content\/uploads\/2018\/12\/IgorMaribor_56-e1544446126627.jpg\" data-link=\"http:\/\/tomtak.de\/index.php\/igor-osambasi\/igormaribor_56\/\" class=\"wp-image-362\"\/><\/figure><\/li><\/ul><figcaption class=\"blocks-gallery-caption\">Presse Fotos Igor Osambasi<br><a href=\"http:\/\/www.michaela-seifert.de\" target=\"_blank\" rel=\"noreferrer noopener\">\u00a9 Michaela Seifert<\/a><\/figcaption><\/figure>\n\n\n\n<h2>Jolandolo vom Birkenschwamm<\/h2>\n\n\n\n<p>Jolandolo vom Birkenschwamm ist seit 2004 als Gaukler, Narr, Geschichtenerz\u00e4hler und Fahnenschwinger im fr\u00fchen Sp\u00e4tmittelalter unterwegs.&nbsp;<\/p>\n\n\n\n<p>Seitdem hat er f\u00fcr Gro\u00dfe und Kleine, Junge und Alte, Viele und Wenige ungef\u00e4hr 2000 Shows gespielt. Und f\u00fcr besonders brenzlige Situationen hat er auch BENZIN dabei. <\/p>\n\n\n\n<p>Sein Spiel: Stets spontan und mit den Leuten. Sein Motto: Den Menschen ein Lachen ins Herz zu zaubern.<\/p>\n\n\n\n<figure class=\"wp-block-gallery columns-2 is-cropped\"><ul class=\"blocks-gallery-grid\"><li class=\"blocks-gallery-item\"><figure><img loading=\"lazy\" width=\"1500\" height=\"2250\" src=\"http:\/\/tomtak.de\/wp-content\/uploads\/2018\/12\/Ortenburg2018_14-e1544450597329.jpg\" alt=\"\" data-id=\"404\" data-full-url=\"http:\/\/tomtak.de\/wp-content\/uploads\/2018\/12\/Ortenburg2018_14-e1544450597329.jpg\" data-link=\"http:\/\/tomtak.de\/index.php\/jolandolo-vom-birkenschwamm\/ortenburg2018_14\/\" class=\"wp-image-404\"\/><\/figure><\/li><li class=\"blocks-gallery-item\"><figure><img loading=\"lazy\" width=\"1500\" height=\"2250\" src=\"http:\/\/tomtak.de\/wp-content\/uploads\/2018\/12\/Ortenburg2018_37-e1544450867987.jpg\" alt=\"\" data-id=\"406\" data-full-url=\"http:\/\/tomtak.de\/wp-content\/uploads\/2018\/12\/Ortenburg2018_37-e1544450867987.jpg\" data-link=\"http:\/\/tomtak.de\/index.php\/jolandolo-vom-birkenschwamm\/ortenburg2018_37\/\" class=\"wp-image-406\"\/><\/figure><\/li><li class=\"blocks-gallery-item\"><figure><img loading=\"lazy\" width=\"1500\" height=\"2250\" src=\"http:\/\/tomtak.de\/wp-content\/uploads\/2018\/12\/Ortenburg2018_19-e1544450730757.jpg\" alt=\"\" data-id=\"405\" data-full-url=\"http:\/\/tomtak.de\/wp-content\/uploads\/2018\/12\/Ortenburg2018_19-e1544450730757.jpg\" data-link=\"http:\/\/tomtak.de\/index.php\/jolandolo-vom-birkenschwamm\/ortenburg2018_19\/\" class=\"wp-image-405\"\/><\/figure><\/li><li class=\"blocks-gallery-item\"><figure><img loading=\"lazy\" width=\"1500\" height=\"2250\" src=\"http:\/\/tomtak.de\/wp-content\/uploads\/2018\/12\/JolandoloBackstage_18-e1544445958787.jpg\" alt=\"\" data-id=\"375\" data-full-url=\"http:\/\/tomtak.de\/wp-content\/uploads\/2018\/12\/JolandoloBackstage_18-e1544445958787.jpg\" data-link=\"http:\/\/tomtak.de\/jolandolobackstage_18\/\" class=\"wp-image-375\"\/><\/figure><\/li><\/ul><figcaption class=\"blocks-gallery-caption\"><em>Presse Fotos Jolandolo vom Birkenschwamm<\/em><br><a rel=\"noreferrer noopener\" href=\"http:\/\/www.michaela-seifert.de\" target=\"_blank\">\u00a9 Michaela Seifert<\/a><\/figcaption><\/figure>\n\n\n\n<p>Nutzungsrechte Pressefotos:<\/p>\n\n\n\n<p>Jedwede Nutzung der Pressebilder (z.B. durch Privatpersonen, Presseverlage, Rundfunkanstalten, Organisationen und andere Vereinigungen\/Gesellschaften\/Vereine etc.) bedarf generell einer Genehmigung. Eine Nutzung der Bilder ist grunds\u00e4tzlich nur f\u00fcr redaktionell-\/journalistische Zwecke und f\u00fcr das Bewerben meiner Auftritte zul\u00e4ssig.<\/p>\n\n\n\n<p>Die Nutzung der Bilder erfolgt nur rechtm\u00e4\u00dfig, wenn die Zustimmung durch Thomas Jana vorliegt und der\/die Urheber\/in (Fotograf\/in) direkt unter dem Bild genannt wird. Zudem muss stets die Quelle des Lichtbildwerks (\u201ewww.tomtak.de\u201c) angegeben werden.<br>Eine Bearbeitung der Bilder darf nur zur Gr\u00f6\u00dfen-Anpassung an den redaktionellen Beitrag erfolgen. Alle weiteren Bearbeitungen, wie z.B. farbliche Ver\u00e4nderungen und\/oder die Nutzung von Ausschnitten, Verzerrungen, Einf\u00fcgung von Text und\/oder Logos in das Bild d\u00fcrfen nur mit der Zustimmung des\/der Fotografen\/Fotografin erfolgen.<br>Jede Ver\u00e4nderung von Bildern, die dazu geeignet ist, die abgebildete Person und\/oder den\/die Fotografen\/Fotografin herabzuw\u00fcrdigen (Verletzung von [Urheber-]Pers\u00f6nlichkeitsrechten), ist unzul\u00e4ssig und wird ggf. zivil- und strafrechtlich verfolgt.<\/p>\n\n\n\n<p>Jede gewerbliche Nutzung des Bildmaterials (rein redaktionelle\/journalistische Nutzung ausgeschlossen) ist ausnahmslos untersagt.<br>Die Nutzung ist sachlich beschr\u00e4nkt auf die Nutzung in Printmedien sowie f\u00fcr die Nutzung im Internet. Zeitlich ist die Nutzung beschr\u00e4nkt auf drei Jahre nach dem genehmigten Download.<\/p>\n","protected":false},"excerpt":{"rendered":"<p>Tom Tak TOM TAK \u2013 SCH\u00d6NER WIRDS NICHT In seinem neuen Programm nimmt Tom Tak sein Publikum mit auf eine Exkursion in die bizarre Welt von Schein und Sein, Lug und Trug, Soll und Haben.Nach der Show wird nichts mehr sein wie vor der Show. Dabei ist noch nicht mal alles gelogen, angeblich ist das &hellip; <\/p>\n<p class=\"link-more\"><a href=\"https:\/\/tomtak.de\/index.php\/presse\/\" class=\"more-link\"><span class=\"screen-reader-text\">\u201ePresse\u201c<\/span> weiterlesen<\/a><\/p>\n","protected":false},"author":1,"featured_media":0,"parent":0,"menu_order":0,"comment_status":"closed","ping_status":"closed","template":"","meta":[],"_links":{"self":[{"href":"https:\/\/tomtak.de\/index.php\/wp-json\/wp\/v2\/pages\/672"}],"collection":[{"href":"https:\/\/tomtak.de\/index.php\/wp-json\/wp\/v2\/pages"}],"about":[{"href":"https:\/\/tomtak.de\/index.php\/wp-json\/wp\/v2\/types\/page"}],"author":[{"embeddable":true,"href":"https:\/\/tomtak.de\/index.php\/wp-json\/wp\/v2\/users\/1"}],"replies":[{"embeddable":true,"href":"https:\/\/tomtak.de\/index.php\/wp-json\/wp\/v2\/comments?post=672"}],"version-history":[{"count":14,"href":"https:\/\/tomtak.de\/index.php\/wp-json\/wp\/v2\/pages\/672\/revisions"}],"predecessor-version":[{"id":691,"href":"https:\/\/tomtak.de\/index.php\/wp-json\/wp\/v2\/pages\/672\/revisions\/691"}],"wp:attachment":[{"href":"https:\/\/tomtak.de\/index.php\/wp-json\/wp\/v2\/media?parent=672"}],"curies":[{"name":"wp","href":"https:\/\/api.w.org\/{rel}","templated":true}]}}